{"id":1387,"date":"2015-04-11T16:06:31","date_gmt":"2015-04-11T16:06:31","guid":{"rendered":"http:\/\/www.couleur-caramel.com\/?page_id=1387"},"modified":"2015-04-11T16:08:51","modified_gmt":"2015-04-11T16:08:51","slug":"products-news","status":"publish","type":"page","link":"https:\/\/www.couleurcaramel.ca\/en\/bio-news-en\/products-news\/","title":{"rendered":"PRODUCTS NEWS"},"content":{"rendered":"<div class='flex_column av-av_one_full-2a9015ff38129c418a3f2eafba3e9512 av_one_full  avia-builder-el-0  el_before_av_one_full  avia-builder-el-first  first flex_column_div '     ><style type=\"text\/css\" data-created_by=\"avia_inline_auto\" id=\"style-css-av-av_heading-1dd7c2863876ed2626099ebb356615c0\">\n#top .av-special-heading.av-av_heading-1dd7c2863876ed2626099ebb356615c0{\npadding-bottom:10px;\n}\nbody .av-special-heading.av-av_heading-1dd7c2863876ed2626099ebb356615c0 .av-special-heading-tag .heading-char{\nfont-size:25px;\n}\n.av-special-heading.av-av_heading-1dd7c2863876ed2626099ebb356615c0 .av-subheading{\nfont-size:15px;\n}\n<\/style>\n<div  class='av-special-heading av-av_heading-1dd7c2863876ed2626099ebb356615c0 av-special-heading-h3  avia-builder-el-1  avia-builder-el-no-sibling '><h3 class='av-special-heading-tag'  itemprop=\"headline\"  >Find out our last news&#8230;<\/h3><div class=\"special-heading-border\"><div class=\"special-heading-inner-border\"><\/div><\/div><\/div><\/div><div class='flex_column av-av_one_full-2a9015ff38129c418a3f2eafba3e9512 av_one_full  avia-builder-el-2  el_after_av_one_full  avia-builder-el-last  first flex_column_div column-top-margin'     ><div  class='av-alb-blogposts template-blog  av-blog-meta-author-disabled av-blog-meta-comments-disabled '  itemscope=\"itemscope\" itemtype=\"https:\/\/schema.org\/Blog\" ><article class=\"post-entry post-entry-type-standard post-entry-2360 post-loop-1 post-parity-odd single-big with-slider post-2360 post type-post status-publish format-standard has-post-thumbnail hentry category-product-side\"  itemscope=\"itemscope\" itemtype=\"https:\/\/schema.org\/BlogPosting\" ><div class=\"blog-meta\"><\/div><div class='entry-content-wrapper clearfix standard-content'><header class=\"entry-content-header\"><div class=\"av-heading-wrapper\"><span class=\"blog-categories minor-meta\"><a href=\"https:\/\/www.couleurcaramel.ca\/en\/category\/couleur-caramel-news\/product-side\/\" rel=\"tag\">PRODUCTS Side<\/a><\/span><\/div><\/header><span class=\"av-vertical-delimiter\"><\/span><div class=\"big-preview single-big\"  itemprop=\"image\" itemscope=\"itemscope\" itemtype=\"https:\/\/schema.org\/ImageObject\" ><a href=\"https:\/\/www.couleurcaramel.ca\/en\/2360\/\"  title=\"portfolio-deauville-couleur-caramel-1-1030x1030\" ><img loading=\"lazy\" decoding=\"async\" width=\"845\" height=\"321\" src=\"https:\/\/www.couleurcaramel.ca\/wp-content\/uploads\/2016\/10\/portfolio-deauville-couleur-caramel-1-1030x10302-845x321.jpg\" class=\"wp-image-2355 avia-img-lazy-loading-2355 attachment-entry_with_sidebar size-entry_with_sidebar wp-post-image\" alt=\"\" \/><\/a><\/div><div class=\"entry-content\"  itemprop=\"text\" ><div class=\"read-more-link\"><a href=\"https:\/\/www.couleurcaramel.ca\/en\/2360\/\" class=\"more-link\">Read more<span class=\"more-link-arrow\"><\/span><\/a><\/div>\n<\/div><span class=\"post-meta-infos\"><time class=\"date-container minor-meta updated\"  itemprop=\"datePublished\" datetime=\"2016-10-13T15:00:19-04:00\" >13 October 2016<\/time><\/span><footer class=\"entry-footer\"><\/footer><div class='post_delimiter'><\/div><\/div><div class=\"post_author_timeline\"><\/div><span class='hidden'>\n\t\t\t\t<span class='av-structured-data'  itemprop=\"image\" itemscope=\"itemscope\" itemtype=\"https:\/\/schema.org\/ImageObject\" >\n\t\t\t\t\t\t<span itemprop='url'>https:\/\/www.couleurcaramel.ca\/wp-content\/uploads\/2016\/10\/portfolio-deauville-couleur-caramel-1-1030x10302.jpg<\/span>\n\t\t\t\t\t\t<span itemprop='height'>1030<\/span>\n\t\t\t\t\t\t<span itemprop='width'>1030<\/span>\n\t\t\t\t<\/span>\n\t\t\t\t<span class='av-structured-data'  itemprop=\"publisher\" itemtype=\"https:\/\/schema.org\/Organization\" itemscope=\"itemscope\" >\n\t\t\t\t\t\t<span itemprop='name'>mlepage<\/span>\n\t\t\t\t\t\t<span itemprop='logo' itemscope itemtype='https:\/\/schema.org\/ImageObject'>\n\t\t\t\t\t\t\t<span itemprop='url'>https:\/\/couleurcaramel.ca\/wp-content\/uploads\/2020\/12\/boutique-couleur-caramel-logo.png<\/span>\n\t\t\t\t\t\t <\/span>\n\t\t\t\t<\/span><span class='av-structured-data'  itemprop=\"author\" itemscope=\"itemscope\" itemtype=\"https:\/\/schema.org\/Person\" ><span itemprop='name'>mlepage<\/span><\/span><span class='av-structured-data'  itemprop=\"datePublished\" datetime=\"2016-10-13T15:00:19-04:00\" >2016-10-13 15:00:19<\/span><span class='av-structured-data'  itemprop=\"dateModified\" itemtype=\"https:\/\/schema.org\/dateModified\" >2016-10-13 15:00:19<\/span><span class='av-structured-data'  itemprop=\"mainEntityOfPage\" itemtype=\"https:\/\/schema.org\/mainEntityOfPage\" ><span itemprop='name'><\/span><\/span><\/span><\/article><article class=\"post-entry post-entry-type-standard post-entry-2329 post-loop-2 post-parity-even single-big with-slider post-2329 post type-post status-publish format-standard has-post-thumbnail hentry category-glamour-side\"  itemscope=\"itemscope\" itemtype=\"https:\/\/schema.org\/BlogPosting\" ><div class=\"blog-meta\"><\/div><div class='entry-content-wrapper clearfix standard-content'><header class=\"entry-content-header\"><div class=\"av-heading-wrapper\"><h2 class='post-title entry-title '  itemprop=\"headline\" ><a href=\"https:\/\/www.couleurcaramel.ca\/en\/couleur-caramel-is-again-partner-of-the-ceremonie-des-lumieres\/\" rel=\"bookmark\" title=\"Permanent Link: Couleur caramel is again partner of the \u201cc\u00e9r\u00e9monie des Lumi\u00e8res !\u201d\">Couleur caramel is again partner of the \u201cc\u00e9r\u00e9monie des Lumi\u00e8res !\u201d<span class=\"post-format-icon minor-meta\"><\/span><\/a><\/h2><span class=\"blog-categories minor-meta\"><a href=\"https:\/\/www.couleurcaramel.ca\/en\/category\/couleur-caramel-news\/glamour-side\/\" rel=\"tag\">GLAMOUR side<\/a><\/span><\/div><\/header><span class=\"av-vertical-delimiter\"><\/span><div class=\"big-preview single-big\"  itemprop=\"image\" itemscope=\"itemscope\" itemtype=\"https:\/\/schema.org\/ImageObject\" ><a href=\"https:\/\/www.couleurcaramel.ca\/en\/couleur-caramel-is-again-partner-of-the-ceremonie-des-lumieres\/\"  title=\"1-3\" ><img loading=\"lazy\" decoding=\"async\" width=\"845\" height=\"321\" src=\"https:\/\/www.couleurcaramel.ca\/wp-content\/uploads\/2016\/05\/1-3-845x321.jpg\" class=\"wp-image-2327 avia-img-lazy-loading-2327 attachment-entry_with_sidebar size-entry_with_sidebar wp-post-image\" alt=\"\" \/><\/a><\/div><div class=\"entry-content\"  itemprop=\"text\" ><div class=\"read-more-link\"><a href=\"https:\/\/www.couleurcaramel.ca\/en\/couleur-caramel-is-again-partner-of-the-ceremonie-des-lumieres\/\" class=\"more-link\">Read more<span class=\"more-link-arrow\"><\/span><\/a><\/div>\n<\/div><span class=\"post-meta-infos\"><time class=\"date-container minor-meta updated\"  itemprop=\"datePublished\" datetime=\"2016-05-10T15:23:40-04:00\" >10 May 2016<\/time><\/span><footer class=\"entry-footer\"><\/footer><div class='post_delimiter'><\/div><\/div><div class=\"post_author_timeline\"><\/div><span class='hidden'>\n\t\t\t\t<span class='av-structured-data'  itemprop=\"image\" itemscope=\"itemscope\" itemtype=\"https:\/\/schema.org\/ImageObject\" >\n\t\t\t\t\t\t<span itemprop='url'>https:\/\/www.couleurcaramel.ca\/wp-content\/uploads\/2016\/05\/1-3.jpg<\/span>\n\t\t\t\t\t\t<span itemprop='height'>523<\/span>\n\t\t\t\t\t\t<span itemprop='width'>1573<\/span>\n\t\t\t\t<\/span>\n\t\t\t\t<span class='av-structured-data'  itemprop=\"publisher\" itemtype=\"https:\/\/schema.org\/Organization\" itemscope=\"itemscope\" >\n\t\t\t\t\t\t<span itemprop='name'>mlepage<\/span>\n\t\t\t\t\t\t<span itemprop='logo' itemscope itemtype='https:\/\/schema.org\/ImageObject'>\n\t\t\t\t\t\t\t<span itemprop='url'>https:\/\/couleurcaramel.ca\/wp-content\/uploads\/2020\/12\/boutique-couleur-caramel-logo.png<\/span>\n\t\t\t\t\t\t <\/span>\n\t\t\t\t<\/span><span class='av-structured-data'  itemprop=\"author\" itemscope=\"itemscope\" itemtype=\"https:\/\/schema.org\/Person\" ><span itemprop='name'>mlepage<\/span><\/span><span class='av-structured-data'  itemprop=\"datePublished\" datetime=\"2016-05-10T15:23:40-04:00\" >2016-05-10 15:23:40<\/span><span class='av-structured-data'  itemprop=\"dateModified\" itemtype=\"https:\/\/schema.org\/dateModified\" >2016-05-10 15:25:45<\/span><span class='av-structured-data'  itemprop=\"mainEntityOfPage\" itemtype=\"https:\/\/schema.org\/mainEntityOfPage\" ><span itemprop='name'>Couleur caramel is again partner of the \u201cc\u00e9r\u00e9monie des Lumi\u00e8res !\u201d<\/span><\/span><\/span><\/article><article class=\"post-entry post-entry-type-standard post-entry-2322 post-loop-3 post-parity-odd post-entry-last single-big with-slider post-2322 post type-post status-publish format-standard has-post-thumbnail hentry category-product-side\"  itemscope=\"itemscope\" itemtype=\"https:\/\/schema.org\/BlogPosting\" ><div class=\"blog-meta\"><\/div><div class='entry-content-wrapper clearfix standard-content'><header class=\"entry-content-header\"><div class=\"av-heading-wrapper\"><h2 class='post-title entry-title '  itemprop=\"headline\" ><a href=\"https:\/\/www.couleurcaramel.ca\/en\/best-cosmetic-products\/\" rel=\"bookmark\" title=\"Permanent Link: Best cosmetic products\">Best cosmetic products<span class=\"post-format-icon minor-meta\"><\/span><\/a><\/h2><span class=\"blog-categories minor-meta\"><a href=\"https:\/\/www.couleurcaramel.ca\/en\/category\/couleur-caramel-news\/product-side\/\" rel=\"tag\">PRODUCTS Side<\/a><\/span><\/div><\/header><span class=\"av-vertical-delimiter\"><\/span><div class=\"big-preview single-big\"  itemprop=\"image\" itemscope=\"itemscope\" itemtype=\"https:\/\/schema.org\/ImageObject\" ><a href=\"https:\/\/www.couleurcaramel.ca\/en\/best-cosmetic-products\/\"  title=\"le-guide-des-meilleurs-cosmetiques-2015-2016\" ><img loading=\"lazy\" decoding=\"async\" width=\"640\" height=\"321\" src=\"https:\/\/www.couleurcaramel.ca\/wp-content\/uploads\/2016\/04\/le-guide-des-meilleurs-cosmetiques-2015-2016-640x321.jpg\" class=\"wp-image-2316 avia-img-lazy-loading-2316 attachment-entry_with_sidebar size-entry_with_sidebar wp-post-image\" alt=\"\" \/><\/a><\/div><div class=\"entry-content\"  itemprop=\"text\" ><div class=\"read-more-link\"><a href=\"https:\/\/www.couleurcaramel.ca\/en\/best-cosmetic-products\/\" class=\"more-link\">Read more<span class=\"more-link-arrow\"><\/span><\/a><\/div>\n<\/div><span class=\"post-meta-infos\"><time class=\"date-container minor-meta updated\"  itemprop=\"datePublished\" datetime=\"2016-04-18T16:10:27-04:00\" >18 April 2016<\/time><\/span><footer class=\"entry-footer\"><\/footer><div class='post_delimiter'><\/div><\/div><div class=\"post_author_timeline\"><\/div><span class='hidden'>\n\t\t\t\t<span class='av-structured-data'  itemprop=\"image\" itemscope=\"itemscope\" itemtype=\"https:\/\/schema.org\/ImageObject\" >\n\t\t\t\t\t\t<span itemprop='url'>https:\/\/www.couleurcaramel.ca\/wp-content\/uploads\/2016\/04\/le-guide-des-meilleurs-cosmetiques-2015-2016.jpg<\/span>\n\t\t\t\t\t\t<span itemprop='height'>905<\/span>\n\t\t\t\t\t\t<span itemprop='width'>640<\/span>\n\t\t\t\t<\/span>\n\t\t\t\t<span class='av-structured-data'  itemprop=\"publisher\" itemtype=\"https:\/\/schema.org\/Organization\" itemscope=\"itemscope\" >\n\t\t\t\t\t\t<span itemprop='name'>mlepage<\/span>\n\t\t\t\t\t\t<span itemprop='logo' itemscope itemtype='https:\/\/schema.org\/ImageObject'>\n\t\t\t\t\t\t\t<span itemprop='url'>https:\/\/couleurcaramel.ca\/wp-content\/uploads\/2020\/12\/boutique-couleur-caramel-logo.png<\/span>\n\t\t\t\t\t\t <\/span>\n\t\t\t\t<\/span><span class='av-structured-data'  itemprop=\"author\" itemscope=\"itemscope\" itemtype=\"https:\/\/schema.org\/Person\" ><span itemprop='name'>mlepage<\/span><\/span><span class='av-structured-data'  itemprop=\"datePublished\" datetime=\"2016-04-18T16:10:27-04:00\" >2016-04-18 16:10:27<\/span><span class='av-structured-data'  itemprop=\"dateModified\" itemtype=\"https:\/\/schema.org\/dateModified\" >2016-04-18 16:10:44<\/span><span class='av-structured-data'  itemprop=\"mainEntityOfPage\" itemtype=\"https:\/\/schema.org\/mainEntityOfPage\" ><span itemprop='name'>Best cosmetic products<\/span><\/span><\/span><\/article><div class='single-big'><nav class='pagination'><span class='pagination-meta'>Page 1 of 6<\/span><span class='current'>1<\/span><a href='https:\/\/www.couleurcaramel.ca\/en\/wp-json\/wp\/v2\/pages\/1387\/page\/2\/' class='inactive next_page' >2<\/a><a href='https:\/\/www.couleurcaramel.ca\/en\/wp-json\/wp\/v2\/pages\/1387\/page\/3\/' class='inactive' >3<\/a><a href='https:\/\/www.couleurcaramel.ca\/en\/wp-json\/wp\/v2\/pages\/1387\/page\/2\/'>&rsaquo;<\/a><a href='https:\/\/www.couleurcaramel.ca\/en\/wp-json\/wp\/v2\/pages\/1387\/page\/6\/'>&raquo;<\/a><\/nav>\n<\/div><\/div><\/div><\/p>\n","protected":false},"excerpt":{"rendered":"","protected":false},"author":3,"featured_media":0,"parent":1348,"menu_order":2,"comment_status":"closed","ping_status":"closed","template":"","meta":{"_acf_changed":false,"footnotes":""},"class_list":["post-1387","page","type-page","status-publish","hentry"],"acf":[],"jetpack_sharing_enabled":true,"_links":{"self":[{"href":"https:\/\/www.couleurcaramel.ca\/en\/wp-json\/wp\/v2\/pages\/1387","targetHints":{"allow":["GET"]}}],"collection":[{"href":"https:\/\/www.couleurcaramel.ca\/en\/wp-json\/wp\/v2\/pages"}],"about":[{"href":"https:\/\/www.couleurcaramel.ca\/en\/wp-json\/wp\/v2\/types\/page"}],"author":[{"embeddable":true,"href":"https:\/\/www.couleurcaramel.ca\/en\/wp-json\/wp\/v2\/users\/3"}],"replies":[{"embeddable":true,"href":"https:\/\/www.couleurcaramel.ca\/en\/wp-json\/wp\/v2\/comments?post=1387"}],"version-history":[{"count":0,"href":"https:\/\/www.couleurcaramel.ca\/en\/wp-json\/wp\/v2\/pages\/1387\/revisions"}],"up":[{"embeddable":true,"href":"https:\/\/www.couleurcaramel.ca\/en\/wp-json\/wp\/v2\/pages\/1348"}],"wp:attachment":[{"href":"https:\/\/www.couleurcaramel.ca\/en\/wp-json\/wp\/v2\/media?parent=1387"}],"curies":[{"name":"wp","href":"https:\/\/api.w.org\/{rel}","templated":true}]}}